{"id":445,"date":"2020-11-02T08:33:31","date_gmt":"2020-11-02T07:33:31","guid":{"rendered":"https:\/\/www.adresys.com\/?page_id=445"},"modified":"2025-12-11T15:35:49","modified_gmt":"2025-12-11T14:35:49","slug":"about-us","status":"publish","type":"page","link":"https:\/\/www.adresys.com\/de\/about-us\/","title":{"rendered":"\u00dcber uns"},"content":{"rendered":"<div>\n<p><strong>Sicheres Arbeiten ist unser Versprechen<\/strong>. Unsere Mission ist es, die Arbeitssicherheit durch innovative Technologie zu revolutionieren und das Wohlbefinden von Alleinarbeiter:innen zu gew\u00e4hrleisten. Unser Ziel ist es, die maximale Zuverl\u00e4ssigkeit unserer Notrufsysteme im Falle von Unf\u00e4llen sicherzustellen.<\/p>\n<p><strong>Bahnbrechende Standards in der Energiewirtschaft setzen<\/strong>. Wir entwickeln die modernsten Produkte f\u00fcr Pr\u00fcfungen in Hoch- und Mittelspannungsanlagen in enger Zusammenarbeit mit unserem Mutterkonzern OMICRON electronics. Unsere Produkte werden stets weiter angepasst, um innovativ zu bleiben. Wir sind nie mit dem Status quo zufrieden; wir suchen st\u00e4ndig nach neuen L\u00f6sungen und verbessern unsere Produkte.<\/p>\n<p><strong>Smart Textiles-Industrie revolutionieren.<\/strong> Wir wollen einen Schritt weiter gehen und fortschrittliche Technologie in tragbare Textilien integrieren, die den t\u00e4glichen Wasch- und Trageanforderungen gerecht werden. Wir entwickeln Prototypen, testen und unterst\u00fctzen andere Unternehmen auf ihrem Weg zur smarten Arbeitskleidung.<\/p>\n<p><strong>Teamwork f\u00fcr Exzellenz<\/strong>. Unsere Mitarbeiter:innen sind Expert:innen auf verschiedenen Gebieten, aber sie alle teilen ein gemeinsames Ziel. Als Teil der globalen OMICRON-Gruppe nutzen wir die Vorteile eines Gro\u00dfunternehmens, aber dennoch gestalten wir unseren eigenen Verantwortungsbereich eigenst\u00e4ndig mit Start-Up-Charakter . Unser Motto lautet &#8222;break the rules&#8230;innovate!&#8220;. Wir geben kreativen Ideen den Freiraum zur Verwirklichung, t\u00fcfteln neue Produktkomponenten aus und setzen Theoretisches in Praktisches um. Innovation und Teamarbeit sind unsere Kernkompetenzen, um Kundenanforderungen erfolgreich umzusetzen.<\/p>\n<\/div>\n<p><img loading=\"lazy\" decoding=\"async\" class=\"alignnone wp-image-2416 size-full\" src=\"https:\/\/www.adresys.com\/wp-content\/uploads\/2025\/07\/2025_04_23-Angel-React_0706-1-min_Cropped-scaled.jpg\" alt=\"\" width=\"1366\" height=\"768\" \/><\/p>\n","protected":false},"excerpt":{"rendered":"<p>Sicheres Arbeiten ist unser Versprechen. Unsere Mission ist es, die Arbeitssicherheit durch innovative Technologie zu revolutionieren und das Wohlbefinden von Alleinarbeiter:innen zu gew\u00e4hrleisten. Unser Ziel ist es, die maximale Zuverl\u00e4ssigkeit unserer Notrufsysteme im Falle von Unf\u00e4llen sicherzustellen. Bahnbrechende Standards in der Energiewirtschaft setzen. Wir entwickeln die modernsten Produkte f\u00fcr Pr\u00fcfungen in Hoch- und Mittelspannungsanlagen in [&hellip;]<\/p>\n","protected":false},"author":1,"featured_media":0,"parent":0,"menu_order":10,"comment_status":"closed","ping_status":"closed","template":"page-slider.php","meta":{"_acf_changed":false,"content-type":"","footnotes":""},"class_list":["post-445","page","type-page","status-publish","hentry"],"acf":[],"_links":{"self":[{"href":"https:\/\/www.adresys.com\/de\/wp-json\/wp\/v2\/pages\/445","targetHints":{"allow":["GET"]}}],"collection":[{"href":"https:\/\/www.adresys.com\/de\/wp-json\/wp\/v2\/pages"}],"about":[{"href":"https:\/\/www.adresys.com\/de\/wp-json\/wp\/v2\/types\/page"}],"author":[{"embeddable":true,"href":"https:\/\/www.adresys.com\/de\/wp-json\/wp\/v2\/users\/1"}],"replies":[{"embeddable":true,"href":"https:\/\/www.adresys.com\/de\/wp-json\/wp\/v2\/comments?post=445"}],"version-history":[{"count":26,"href":"https:\/\/www.adresys.com\/de\/wp-json\/wp\/v2\/pages\/445\/revisions"}],"predecessor-version":[{"id":5124,"href":"https:\/\/www.adresys.com\/de\/wp-json\/wp\/v2\/pages\/445\/revisions\/5124"}],"wp:attachment":[{"href":"https:\/\/www.adresys.com\/de\/wp-json\/wp\/v2\/media?parent=445"}],"curies":[{"name":"wp","href":"https:\/\/api.w.org\/{rel}","templated":true}]}}