{"id":3861,"date":"2024-05-21T19:51:33","date_gmt":"2024-05-21T17:51:33","guid":{"rendered":"https:\/\/www.adresys.com\/?page_id=3861"},"modified":"2025-08-19T13:03:14","modified_gmt":"2025-08-19T11:03:14","slug":"angelreact-indoor-positioning","status":"publish","type":"page","link":"https:\/\/www.adresys.com\/de\/angelreact\/angelreact-indoor-positioning\/","title":{"rendered":"ANGEL React Innenraumortung"},"content":{"rendered":"<p><img loading=\"lazy\" decoding=\"async\" class=\"alignnone wp-image-3868 size-medium\" src=\"https:\/\/www.adresys.com\/wp-content\/uploads\/2024\/05\/ANGELReactHome-11.png\" alt=\"\" width=\"1024\" height=\"1024\" \/><\/p>\n<p>Bei Unf\u00e4llen z\u00e4hlt jede Sekunde. Je pr\u00e4ziser der Standort einer verletzten Person ermittelt werden kann, desto schneller und gezielter kann Hilfe geleistet werden. W\u00e4hrend GPS im Freien zuverl\u00e4ssig funktioniert, st\u00f6\u00dft es in gro\u00dfen oder mehrst\u00f6ckigen Geb\u00e4uden an seine Grenzen: Das Signal ist oft zu schwach oder ungenau, um eine exakte Ortung zu erm\u00f6glichen.<\/p>\n<p>Genau hier setzt die Innenraumortung an. Mithilfe verschiedener L\u00f6sungen k\u00f6nnen Standortinformationen wie Geb\u00e4udename, Stockwerk und Raum erfasst und im Notfall \u00fcbermittelt werden.<br \/>\nWir k\u00f6nnen verschiedene L\u00f6sungen unters\u00fctzen, um auf die individuellen Bed\u00fcrfnisse einzugehen. Unser eigener Location Beacon wird an der Wand montiert und deckt einen gro\u00dfen Bereich ab. Zus\u00e4tzlich gibt es auch die M\u00f6glichkeit, bestehende WLAN Access Points auszulesen und die Standortinformationen in ANGEL React zu integrieren. Wir unterst\u00fctzen auch die Integration von Drittanbieter-Standortbeacons.<\/p>\n","protected":false},"excerpt":{"rendered":"<p>Bei Unf\u00e4llen z\u00e4hlt jede Sekunde. Je pr\u00e4ziser der Standort einer verletzten Person ermittelt werden kann, desto schneller und gezielter kann Hilfe geleistet werden. W\u00e4hrend GPS im Freien zuverl\u00e4ssig funktioniert, st\u00f6\u00dft es in gro\u00dfen oder mehrst\u00f6ckigen Geb\u00e4uden an seine Grenzen: Das Signal ist oft zu schwach oder ungenau, um eine exakte Ortung zu erm\u00f6glichen. Genau hier [&hellip;]<\/p>\n","protected":false},"author":4,"featured_media":0,"parent":3638,"menu_order":30,"comment_status":"closed","ping_status":"closed","template":"page-slider.php","meta":{"_acf_changed":false,"content-type":"","footnotes":""},"class_list":["post-3861","page","type-page","status-publish","hentry"],"acf":[],"_links":{"self":[{"href":"https:\/\/www.adresys.com\/de\/wp-json\/wp\/v2\/pages\/3861","targetHints":{"allow":["GET"]}}],"collection":[{"href":"https:\/\/www.adresys.com\/de\/wp-json\/wp\/v2\/pages"}],"about":[{"href":"https:\/\/www.adresys.com\/de\/wp-json\/wp\/v2\/types\/page"}],"author":[{"embeddable":true,"href":"https:\/\/www.adresys.com\/de\/wp-json\/wp\/v2\/users\/4"}],"replies":[{"embeddable":true,"href":"https:\/\/www.adresys.com\/de\/wp-json\/wp\/v2\/comments?post=3861"}],"version-history":[{"count":15,"href":"https:\/\/www.adresys.com\/de\/wp-json\/wp\/v2\/pages\/3861\/revisions"}],"predecessor-version":[{"id":4823,"href":"https:\/\/www.adresys.com\/de\/wp-json\/wp\/v2\/pages\/3861\/revisions\/4823"}],"up":[{"embeddable":true,"href":"https:\/\/www.adresys.com\/de\/wp-json\/wp\/v2\/pages\/3638"}],"wp:attachment":[{"href":"https:\/\/www.adresys.com\/de\/wp-json\/wp\/v2\/media?parent=3861"}],"curies":[{"name":"wp","href":"https:\/\/api.w.org\/{rel}","templated":true}]}}