{"id":2950,"date":"2024-03-20T13:49:36","date_gmt":"2024-03-20T12:49:36","guid":{"rendered":"https:\/\/www.adresys.com\/?page_id=2950"},"modified":"2025-08-20T11:56:30","modified_gmt":"2025-08-20T09:56:30","slug":"komponenten","status":"publish","type":"page","link":"https:\/\/www.adresys.com\/de\/smarttextilesolutions\/komponenten\/","title":{"rendered":"Smart Textile Solutions Komponenten"},"content":{"rendered":"<p>Um eine zuverl\u00e4ssige Verbindung zwischen der Datenverarbeitungseinheit und dem Textil herzustellen, ist eine exakte Positionierung der Nieten im Textil essentiell. Hier kommt unsere sogenannte Connectionplate ins Spiel: Eine vorgefertigte Baugruppe, die als eine Art \u201eDockingstation\u201c eingesetzt wird \u2013 perfekt f\u00fcr die Massenproduktion. In der N\u00e4herei wird sie nur noch auf das Textil aufgepatcht oder aufgen\u00e4ht. Die Connectionplate besteht aus einem robusten Gewebe, in welches die Stachelnieten und weitere elektrisch leitf\u00e4hige Komponenten eingebracht sind. Gerne fertigen wir deinen Anforderungen entsprechend eine ma\u00dfgeschneiderte Connectionplate an. Schick uns dazu einfach eine E-Mail.<\/p>\n<p><img loading=\"lazy\" decoding=\"async\" src=\"https:\/\/www.adresys.com\/wp-content\/uploads\/2023\/10\/Smart-Textile-Solutions_Pictures_Page-1024x576.jpg\" alt=\"\" width=\"1024\" height=\"576\" class=\"aligncenter size-medium wp-image-2938\" srcset=\"https:\/\/www.adresys.com\/wp-content\/uploads\/2023\/10\/Smart-Textile-Solutions_Pictures_Page-1024x576.jpg 1024w, https:\/\/www.adresys.com\/wp-content\/uploads\/2023\/10\/Smart-Textile-Solutions_Pictures_Page-768x432.jpg 768w, https:\/\/www.adresys.com\/wp-content\/uploads\/2023\/10\/Smart-Textile-Solutions_Pictures_Page-1536x864.jpg 1536w, https:\/\/www.adresys.com\/wp-content\/uploads\/2023\/10\/Smart-Textile-Solutions_Pictures_Page.jpg 1920w\" sizes=\"auto, (max-width: 1024px) 100vw, 1024px\" \/><\/p>\n","protected":false},"excerpt":{"rendered":"<p>Um eine zuverl\u00e4ssige Verbindung zwischen der Datenverarbeitungseinheit und dem Textil herzustellen, ist eine exakte Positionierung der Nieten im Textil essentiell. Hier kommt unsere sogenannte Connectionplate ins Spiel: Eine vorgefertigte Baugruppe, die als eine Art \u201eDockingstation\u201c eingesetzt wird \u2013 perfekt f\u00fcr die Massenproduktion. In der N\u00e4herei wird sie nur noch auf das Textil aufgepatcht oder aufgen\u00e4ht. [&hellip;]<\/p>\n","protected":false},"author":4,"featured_media":0,"parent":2931,"menu_order":0,"comment_status":"closed","ping_status":"closed","template":"","meta":{"_acf_changed":false,"content-type":"","footnotes":""},"class_list":["post-2950","page","type-page","status-publish","hentry"],"acf":[],"_links":{"self":[{"href":"https:\/\/www.adresys.com\/de\/wp-json\/wp\/v2\/pages\/2950","targetHints":{"allow":["GET"]}}],"collection":[{"href":"https:\/\/www.adresys.com\/de\/wp-json\/wp\/v2\/pages"}],"about":[{"href":"https:\/\/www.adresys.com\/de\/wp-json\/wp\/v2\/types\/page"}],"author":[{"embeddable":true,"href":"https:\/\/www.adresys.com\/de\/wp-json\/wp\/v2\/users\/4"}],"replies":[{"embeddable":true,"href":"https:\/\/www.adresys.com\/de\/wp-json\/wp\/v2\/comments?post=2950"}],"version-history":[{"count":22,"href":"https:\/\/www.adresys.com\/de\/wp-json\/wp\/v2\/pages\/2950\/revisions"}],"predecessor-version":[{"id":4904,"href":"https:\/\/www.adresys.com\/de\/wp-json\/wp\/v2\/pages\/2950\/revisions\/4904"}],"up":[{"embeddable":true,"href":"https:\/\/www.adresys.com\/de\/wp-json\/wp\/v2\/pages\/2931"}],"wp:attachment":[{"href":"https:\/\/www.adresys.com\/de\/wp-json\/wp\/v2\/media?parent=2950"}],"curies":[{"name":"wp","href":"https:\/\/api.w.org\/{rel}","templated":true}]}}