{"id":1231,"date":"2021-08-20T13:17:30","date_gmt":"2021-08-20T11:17:30","guid":{"rendered":"https:\/\/www.adresys.com\/?page_id=1231"},"modified":"2024-01-08T10:48:07","modified_gmt":"2024-01-08T09:48:07","slug":"data-privacy-angelreact","status":"publish","type":"page","link":"https:\/\/www.adresys.com\/de\/legal\/data-privacy-angelreact\/","title":{"rendered":"Datenschutz ANGEL"},"content":{"rendered":"<p>Mit dieser Datenschutzinformation m\u00f6chten wir Sie \u00fcber die Verarbeitung Ihrer personenbezogenen Daten im Zuge der Verwendung von ANGEL React \u2013 genauer gesagt der ANGEL React-Applikation sowie den ANGEL React-Web-Services \u2013 und die Ihnen nach dem Datenschutzrecht zustehenden Rechte informieren. Zudem geben wir Ihnen Einblick, wie die anonymisierten Nutzungsdaten helfen, Ihre Arbeitswelt etwas sicherer zu machen.<\/p>\n<p>Die Verarbeitung Ihrer personenbezogenen Daten erfolgt in \u00dcbereinstimmung mit den geltenden Datenschutzgesetzen der Europ\u00e4ischen Datenschutzgrundverordnung (DSGVO) sowie allf\u00e4lligen sonstigen anwendbaren lokalen Datenschutzbestimmungen.<\/p>\n<p>Bei ADRESYS geben wir unser Bestes, um transparent und sorgsam mit Daten von Kund:innen und Nutzer:innen umzugehen \u2013 wir speichern daher nur die Daten, die notwendig sind, um im Notfall gezielt Hilfe leisten zu k\u00f6nnen. Hiermit geben wir Ihnen einen umfassenden \u00dcberblick, wie ANGEL React Ihre Daten verarbeitet.<\/p>\n<p><strong>Ihre Rechte<\/strong><\/p>\n<p>Aufgrund der anwendbaren datenschutzrechtlichen Bestimmungen haben Sie jederzeit das Recht auf Auskunft, Berichtigung, L\u00f6schung, Einschr\u00e4nkung der Datenverarbeitung, Daten\u00fcbertragbarkeit und Widerspruch. Etwaige Einwilligungen k\u00f6nnen Sie f\u00fcr die Zukunft widerrufen.<\/p>\n<p>Wenn Sie von einem dieser Rechte Gebrauch machen m\u00f6chten, wenden Sie sich bitte an den in diesem Dokument angegebenen Kontakt von ADRESYS. Dar\u00fcber hinaus haben Sie das Recht, eine Beschwerde bei der zust\u00e4ndigen Aufsichtsbeh\u00f6rde einzureichen \u2013 f\u00fcr ADRESYS in \u00d6sterreich ist die \u00d6sterreichische Datenschutzbeh\u00f6rde (Barichgasse 40-42, 1030 Wien) zust\u00e4ndig.<\/p>\n<p><strong>Verantwortlich f\u00fcr die Datenverarbeitung ist:<\/strong><br \/>\nADRESYS \u2013 Adaptive Regelsysteme Gesellschaft m.b.H.<br \/>\nOberndorfer Stra\u00dfe 35, Eingang C, 5020 Salzburg, \u00d6sterreich<\/p>\n<p>Bei Fragen zum Thema Datenschutz stehen wir jederzeit zur Verf\u00fcgung \u2013 wir sind unter der Hotline +43 59495 6969 und per E-Mail unter <a rel=\"nofollow\" target=\"_blank\"  href=\"mailto:angelreact@adresys.com\">angelreact@adresys.com<\/a> erreichbar.<\/p>\n","protected":false},"excerpt":{"rendered":"<p>Mit dieser Datenschutzinformation m\u00f6chten wir Sie \u00fcber die Verarbeitung Ihrer personenbezogenen Daten im Zuge der Verwendung von ANGEL React \u2013 genauer gesagt der ANGEL React-Applikation sowie den ANGEL React-Web-Services \u2013 und die Ihnen nach dem Datenschutzrecht zustehenden Rechte informieren. Zudem geben wir Ihnen Einblick, wie die anonymisierten Nutzungsdaten helfen, Ihre Arbeitswelt etwas sicherer zu machen. [&hellip;]<\/p>\n","protected":false},"author":1,"featured_media":0,"parent":811,"menu_order":0,"comment_status":"closed","ping_status":"closed","template":"","meta":{"_acf_changed":false,"content-type":"","footnotes":""},"class_list":["post-1231","page","type-page","status-publish","hentry"],"acf":[],"_links":{"self":[{"href":"https:\/\/www.adresys.com\/de\/wp-json\/wp\/v2\/pages\/1231","targetHints":{"allow":["GET"]}}],"collection":[{"href":"https:\/\/www.adresys.com\/de\/wp-json\/wp\/v2\/pages"}],"about":[{"href":"https:\/\/www.adresys.com\/de\/wp-json\/wp\/v2\/types\/page"}],"author":[{"embeddable":true,"href":"https:\/\/www.adresys.com\/de\/wp-json\/wp\/v2\/users\/1"}],"replies":[{"embeddable":true,"href":"https:\/\/www.adresys.com\/de\/wp-json\/wp\/v2\/comments?post=1231"}],"version-history":[{"count":18,"href":"https:\/\/www.adresys.com\/de\/wp-json\/wp\/v2\/pages\/1231\/revisions"}],"predecessor-version":[{"id":2447,"href":"https:\/\/www.adresys.com\/de\/wp-json\/wp\/v2\/pages\/1231\/revisions\/2447"}],"up":[{"embeddable":true,"href":"https:\/\/www.adresys.com\/de\/wp-json\/wp\/v2\/pages\/811"}],"wp:attachment":[{"href":"https:\/\/www.adresys.com\/de\/wp-json\/wp\/v2\/media?parent=1231"}],"curies":[{"name":"wp","href":"https:\/\/api.w.org\/{rel}","templated":true}]}}